{"id":3137,"date":"2019-12-09T16:10:03","date_gmt":"2019-12-09T15:10:03","guid":{"rendered":"https:\/\/fustescanet.com\/politica-de-cookies\/"},"modified":"2019-12-16T11:57:16","modified_gmt":"2019-12-16T10:57:16","slug":"politica-de-cookies","status":"publish","type":"page","link":"https:\/\/fustescanet.com\/es\/politica-de-cookies\/","title":{"rendered":"Pol\u00edtica de cookies"},"content":{"rendered":"<div  class=\"tatsu-fqoz10ib4t7xufr3 tatsu-section    tatsu-clearfix\" data-title=\"\"  data-headerscheme=\"background--light\"><div class='tatsu-section-pad clearfix' data-padding='{\"d\":\"200px 0px 200px 0px \"}' data-padding-top='200px'><div class=\"tatsu-row-wrap  tatsu-wrap tatsu-row-one-col tatsu-row-has-one-cols tatsu-medium-gutter tatsu-reg-cols  tatsu-clearfix tatsu-fqoz10ib6m6ue3x8\" ><div  class=\"tatsu-row \" ><div  class=\"tatsu-column  tatsu-column-no-bg tatsu-one-col tatsu-column-image-none tatsu-column-effect-none  tatsu-fqoz10ib7n8oyumg\"  data-parallax-speed=\"0\" style=\"\"><div class=\"tatsu-column-inner \" ><div class=\"tatsu-column-pad-wrap\"><div class=\"tatsu-column-pad\" ><div  class=\"tatsu-module tatsu-inline-text clearfix tatsu-fqoz10ib8wadnq49   \" ><style>.tatsu-fqoz10ib8wadnq49 .tatsu-inline-text-inner{width: 100%;text-align: left;}<\/style><div class=\"tatsu-inline-text-inner tatsu-align-center\">\n<h2 style=\"text-align: center;\"><span style=\"color: #ffffff;\">Pol\u00edtica de cookies<\/span><\/h2>\n<\/div><\/div><\/div><\/div><div class = \"tatsu-column-bg-image-wrap\"><div class = \"tatsu-column-bg-image\" ><\/div><\/div><\/div><style>.tatsu-row > .tatsu-fqoz10ib7n8oyumg.tatsu-column{width: 100%;}.tatsu-fqoz10ib7n8oyumg.tatsu-column > .tatsu-column-inner > .tatsu-column-overlay{mix-blend-mode: none;}.tatsu-fqoz10ib7n8oyumg > .tatsu-column-inner > .tatsu-top-divider{z-index: 9999;}.tatsu-fqoz10ib7n8oyumg > .tatsu-column-inner > .tatsu-bottom-divider{z-index: 9999;}.tatsu-fqoz10ib7n8oyumg > .tatsu-column-inner > .tatsu-left-divider{z-index: 9999;}.tatsu-fqoz10ib7n8oyumg > .tatsu-column-inner > .tatsu-right-divider{z-index: 9999;}<\/style><\/div><\/div><\/div><\/div><div class=\"tatsu-section-background-wrap\"><div class = \"tatsu-section-background\" ><\/div><\/div><style>.tatsu-fqoz10ib4t7xufr3 .tatsu-section-background{background-image: url(https:\/\/fustescanet.com\/wp-content\/uploads\/2019\/12\/avislegal.jpg);background-repeat: no-repeat;background-attachment: scroll;background-position: center center;background-size: cover;}.tatsu-fqoz10ib4t7xufr3 .tatsu-bg-blur{background-repeat: no-repeat;background-attachment: scroll;background-position: center center;background-size: cover;}.tatsu-fqoz10ib4t7xufr3 .tatsu-section-pad{padding: 200px 0px 200px 0px ;}.tatsu-fqoz10ib4t7xufr3 > .tatsu-bottom-divider{z-index: 9999;}.tatsu-fqoz10ib4t7xufr3 > .tatsu-top-divider{z-index: 9999;}<\/style><\/div><div  class=\"tatsu-dnuPIXaCbX tatsu-section  tatsu-bg-overlay   tatsu-clearfix\" data-title=\"\"  data-headerscheme=\"background--dark\"><div class='tatsu-section-pad clearfix' data-padding='{\"d\":\"90px 0px 90px 0px\"}' data-padding-top='90px'><div class=\"tatsu-row-wrap  tatsu-wrap tatsu-row-one-col tatsu-row-has-one-cols tatsu-medium-gutter tatsu-reg-cols  tatsu-clearfix tatsu-nd0nM2F1_N\" ><div  class=\"tatsu-row \" ><div  class=\"tatsu-column  tatsu-bg-overlay tatsu-one-col tatsu-column-image-none tatsu-column-effect-none  tatsu-mbp8GeuqX\"  data-parallax-speed=\"0\" style=\"\"><div class=\"tatsu-column-inner \" ><div class=\"tatsu-column-pad-wrap\"><div class=\"tatsu-column-pad\" ><div  class=\"tatsu-module tatsu-text-block-wrap tatsu-csjflogl6  \"><div class=\"tatsu-text-inner tatsu-align-center  clearfix\" ><style>.tatsu-csjflogl6.tatsu-text-block-wrap .tatsu-text-inner{width: 100%;text-align: left;}<\/style>\n<p>En cuanto a la pol\u00edtica de cookies de la web, en caso de que la p\u00e1gina web disponga de ellas y \u00e9stas no sean inherentes al funcionamiento de la WEB o como as\u00ed refiere el mencionado apartado 2 del art\u00edculo 22\u00a0<strong>LSSI<\/strong>\u00a0<em>\u201cal solo fin de efectuar la transmisi\u00f3n de una comunicaci\u00f3n por una red de comunicaciones electr\u00f3nica\u201d:<\/em><\/p>\n<p><em>Una cookie es un archivo de informaci\u00f3n que el servidor de este sitio web env\u00eda al dispositivo (ordenador,\u00a0smartphone, tablet,\u00a0etc.) de quien accede a la p\u00e1gina para almacenar y recuperar informaci\u00f3n sobre la navegaci\u00f3n que se efect\u00faa desde dicho equipo.<\/em><\/p>\n<p><em>CANET FUSTES I DERIVATS, S.L.<\/em>\u00a0<em>utiliza diversos tipos de\u00a0cookies<\/em>\u00a0<em>(t\u00e9cnicas, anal\u00edticas y sociales) \u00fanicamente con la finalidad de mejorar la navegaci\u00f3n del usuario en el sitio web, sin ning\u00fan tipo de objeto publicitario o similar.<\/em><\/p>\n<p><em>CANET FUSTES I DERIVATS, S.L.<\/em>, <em>a trav\u00e9s de las\u00a0cookies\u00a0no recoge dato personal alguno. Todas las\u00a0cookies, salvo las utilizadas por el sistema de estad\u00edsticas Google Analytics son temporales y desaparecen al concluir la sesi\u00f3n.<\/em><\/p>\n<p><em>CANET FUSTES I DERIVATS, S.L.<\/em>\u00a0<em>utiliza en este sitio web las\u00a0cookies<\/em>\u00a0<em>que se detallan a continuaci\u00f3n:<\/em><\/p>\n<ul>\n<li>Cookies de Facebook, ver m\u00e1s informaci\u00f3n en su\u00a0<a href=\"https:\/\/www.facebook.com\/policies\/cookies\/\">pol\u00edtica de cookies<\/a><\/li>\n<li>Cookies de Twitter, ver m\u00e1s informaci\u00f3n en su\u00a0<a href=\"https:\/\/twitter.com\/privacy\">pol\u00edtica de cookies<\/a><\/li>\n<li>Cookies de Instagram, ver m\u00e1s informaci\u00f3n en su\u00a0<a href=\"https:\/\/www.facebook.com\/policies\/cookies\/\">pol\u00edtica de cookies<\/a><\/li>\n<li>Cookies de Linkedin, ver m\u00e1s informaci\u00f3n en su\u00a0<a href=\"https:\/\/www.linkedin.com\/legal\/cookie-policy?trk=hp-cookies\">pol\u00edtica de cookies<\/a><\/li>\n<li>Cookies de Google+, ver m\u00e1s informaci\u00f3n en su\u00a0<a href=\"http:\/\/www.google.com\/intl\/es\/policies\/technologies\/types\/\">pol\u00edtica de cookies<\/a><\/li>\n<li>Cookies de Youtube, ver m\u00e1s informaci\u00f3n en su\u00a0<a href=\"http:\/\/www.google.com\/intl\/es\/policies\/technologies\/types\/\">pol\u00edtica de cookies<\/a><\/li>\n<\/ul>\n<p>Llevamos a cabo acciones de remarketing mediante\u00a0<strong>Google AdWords<\/strong>, que utiliza las cookies para ayudarnos a ofrecer anuncios en l\u00ednea espec\u00edfico basado en visitas anteriores a nuestro sitio web.\u00a0<strong>Google<\/strong>\u00a0utiliza esta informaci\u00f3n para mostrar anuncios en varios sitios web de terceros a trav\u00e9s de Internet. Estas cookies est\u00e1n a punto de expirar y no contienen informaci\u00f3n que pueda identificarle personalmente. Por favor dir\u00edgete a la\u00a0<a href=\"http:\/\/www.google.com\/privacy\/ads\/\">publicidad de Google Aviso de privacidad<\/a>\u00a0para obtener m\u00e1s informaci\u00f3n.<\/p>\n<p>Llevamos a cabo acciones de remarketing mediante\u00a0<strong>Facebook ads<\/strong>, que utiliza las cookies para ayudarnos a ofrecer anuncios en l\u00ednea espec\u00edfico basado en visitas anteriores a nuestro sitio web.Utilizamos\u00a0<strong>plataformas de servicios de afiliaci\u00f3n<\/strong>\u00a0que usan cookies de navegador para hacer seguimiento de las ventas que tuvieron origen en esta web en los programas de afiliados con los que esta web colabora.<\/p>\n<p><em>El usuario podr\u00e1, en cualquier momento, elegir qu\u00e9 cookies quiere que funcionen en este sitio web mediante:<\/em><\/p>\n<ol>\n<li><em>a) La configuraci\u00f3n del\u00a0<strong>navegador<\/strong>; (indicar enlace en cada navegador para habilitar o deshabilitar cookies)<\/em><\/li>\n<li><em>b) Herramientas de terceros, disponibles on line, que permiten a los usuarios detectar las\u00a0cookies\u00a0en cada sitio web que visita y gestionar su desactivaci\u00f3n.<\/em><\/li>\n<\/ol>\n<p><em>Ni esta web, ni sus representantes legales se hacen responsables ni del contenido ni de la veracidad de las pol\u00edticas de privacidad que puedan tener los terceros mencionados en esta pol\u00edtica de\u00a0cookies.<\/em><\/p>\n<p><em>La aceptaci\u00f3n de la presente pol\u00edtica implica que el usuario ha sido informado de una forma clara y completa sobre el uso de dispositivos de almacenamiento y recuperaci\u00f3n de datos (cookies) as\u00ed como que CANET FUSTES I DERIVATS, S.L. dispone del consentimiento del usuario para el uso de las mismas tal y como establece el art\u00edculo 22 de la Ley 34\/2002, de 11 de julio, de Servicios de la Sociedad de la Informaci\u00f3n y Comercio Electr\u00f3nico (LSSI-CE).<\/em><\/p>\n<\/div><\/div><\/div><\/div><div class = \"tatsu-column-bg-image-wrap\"><div class = \"tatsu-column-bg-image\" ><\/div><\/div><div class=\"tatsu-overlay tatsu-column-overlay tatsu-animate-none\" ><\/div><\/div><style>.tatsu-row > .tatsu-mbp8GeuqX.tatsu-column{width: 100%;}.tatsu-mbp8GeuqX.tatsu-column > .tatsu-column-inner > .tatsu-column-overlay{mix-blend-mode: normal;}.tatsu-mbp8GeuqX > .tatsu-column-inner > .tatsu-top-divider{z-index: 9999;}.tatsu-mbp8GeuqX > .tatsu-column-inner > .tatsu-bottom-divider{z-index: 9999;}.tatsu-mbp8GeuqX > .tatsu-column-inner > .tatsu-left-divider{z-index: 9999;}.tatsu-mbp8GeuqX > .tatsu-column-inner > .tatsu-right-divider{z-index: 9999;}@media only screen and (max-width:1377px) {.tatsu-row > .tatsu-mbp8GeuqX.tatsu-column{width: 100%;}}@media only screen and (min-width:768px) and (max-width: 1024px) {.tatsu-row > .tatsu-mbp8GeuqX.tatsu-column{width: 100%;}}@media only screen and (max-width: 767px) {.tatsu-row > .tatsu-mbp8GeuqX.tatsu-column{width: 100%;}}<\/style><\/div><\/div><\/div><\/div><div class=\"tatsu-section-background-wrap\"><div class = \"tatsu-section-background\" ><\/div><\/div><div class=\"tatsu-overlay tatsu-section-overlay\"><\/div><style>.tatsu-dnuPIXaCbX .tatsu-section-pad{padding: 90px 0px 90px 0px;}.tatsu-dnuPIXaCbX .tatsu-section-offset-wrap{transform: translateY(-0px);}.tatsu-dnuPIXaCbX > .tatsu-bottom-divider{z-index: 9999;}.tatsu-dnuPIXaCbX > .tatsu-top-divider{z-index: 9999;}.tatsu-dnuPIXaCbX .tatsu-section-overlay{mix-blend-mode: normal;}<\/style><\/div>\n","protected":false},"excerpt":{"rendered":"<p><a href=\"https:\/\/fustescanet.com\/es\/politica-de-cookies\/\" class=\"more-link style3-button\">Read More<\/a><\/p>","protected":false},"author":3,"featured_media":0,"parent":0,"menu_order":0,"comment_status":"closed","ping_status":"closed","template":"","meta":{"_monsterinsights_skip_tracking":false,"_monsterinsights_sitenote_active":false,"_monsterinsights_sitenote_note":"","_monsterinsights_sitenote_category":0,"footnotes":""},"yst_prominent_words":[],"class_list":["post-3137","page","type-page","status-publish","hentry"],"_links":{"self":[{"href":"https:\/\/fustescanet.com\/es\/wp-json\/wp\/v2\/pages\/3137","targetHints":{"allow":["GET"]}}],"collection":[{"href":"https:\/\/fustescanet.com\/es\/wp-json\/wp\/v2\/pages"}],"about":[{"href":"https:\/\/fustescanet.com\/es\/wp-json\/wp\/v2\/types\/page"}],"author":[{"embeddable":true,"href":"https:\/\/fustescanet.com\/es\/wp-json\/wp\/v2\/users\/3"}],"replies":[{"embeddable":true,"href":"https:\/\/fustescanet.com\/es\/wp-json\/wp\/v2\/comments?post=3137"}],"version-history":[{"count":2,"href":"https:\/\/fustescanet.com\/es\/wp-json\/wp\/v2\/pages\/3137\/revisions"}],"predecessor-version":[{"id":3145,"href":"https:\/\/fustescanet.com\/es\/wp-json\/wp\/v2\/pages\/3137\/revisions\/3145"}],"wp:attachment":[{"href":"https:\/\/fustescanet.com\/es\/wp-json\/wp\/v2\/media?parent=3137"}],"wp:term":[{"taxonomy":"yst_prominent_words","embeddable":true,"href":"https:\/\/fustescanet.com\/es\/wp-json\/wp\/v2\/yst_prominent_words?post=3137"}],"curies":[{"name":"wp","href":"https:\/\/api.w.org\/{rel}","templated":true}]}}